{"id":21,"date":"2010-08-11T21:46:27","date_gmt":"2010-08-11T21:46:27","guid":{"rendered":"http:\/\/fewo-adler.de\/?page_id=21"},"modified":"2023-03-16T14:26:39","modified_gmt":"2023-03-16T14:26:39","slug":"leistungen-preise","status":"publish","type":"page","link":"https:\/\/fewo-adler.de\/?page_id=21","title":{"rendered":"Leistungen &#038; Preise"},"content":{"rendered":"<p>Bei uns k\u00f6nnen Sie kostenfrei folgende Angebote (nach Absprache) nutzen:<\/p>\n<p style=\"padding-left: 30px;\">&#8211; Nutzung der Sitzecke im Garten mit Grillm\u00f6glichkeit,<\/p>\n<p style=\"padding-left: 30px;\">&#8211; Unterbringung von Fahrr\u00e4dern in einem unserer Schuppen,<\/p>\n<p style=\"padding-left: 30px;\">&#8211; Ausleihen von 2 Fahrr\u00e4dern, welche hier im Haus vorhanden sind,<\/p>\n<p style=\"padding-left: 30px;\">&#8211; Nutzung eines W-LAN-Internet-Anschlusses.<\/p>\n<p style=\"padding-left: 30px;\"><span style=\"color: #ffcc99;\">.<\/span><\/p>\n<p>Im Preis der Ferienwohnung sind enthalten:<\/p>\n<p style=\"padding-left: 30px;\">&#8211; Endreinigung<\/p>\n<p style=\"padding-left: 30px;\">&#8211; Nebenkosten<\/p>\n<p style=\"padding-left: 30px;\">&#8211; Bettw\u00e4sche, Handt\u00fccher &amp; Wischt\u00fccher<\/p>\n<p style=\"padding-left: 30px;\">&#8211; Kaffee f\u00fcr den Kaffeevolloutomaten<\/p>\n<p style=\"padding-left: 30px;\">&#8211; &#8222;Erstausstattung&#8220;\u00a0 Holz f\u00fcr die Kamine<\/p>\n<p style=\"padding-left: 30px;\"><span style=\"color: #ffcc99;\">.<\/span><\/p>\n<p>Der Preis f\u00fcr die \u00dcbernachtung kann auf unseren Webseiten bei Booking.com,<br \/>\n<a href=\"https:\/\/www.booking.com\/Share-XKlCGS\">Domizil Adler 1<\/a> und <a href=\"https:\/\/www.booking.com\/Share-4uL8gyA\">Domizil Adler 2<\/a>, unter Angabe der Reisedauer entnommen werden.<\/p>\n<p><span style=\"color: #ffcc99;\">.<\/span><\/p>\n<p>(Der Vermieter ist Kleinunternehmer nach \u00a7 19 Abs. 1 UStG und somit nicht mehrwertsteuerpflichtig.)<\/p>\n","protected":false},"excerpt":{"rendered":"<p>Bei uns k\u00f6nnen Sie kostenfrei folgende Angebote (nach Absprache) nutzen: &#8211; Nutzung der Sitzecke im Garten mit Grillm\u00f6glichkeit, &#8211; Unterbringung von Fahrr\u00e4dern in einem unserer Schuppen, &#8211; Ausleihen von 2 Fahrr\u00e4dern, welche hier im Haus vorhanden sind, &#8211; Nutzung eines W-LAN-Internet-Anschlusses. . Im Preis der Ferienwohnung sind enthalten: &#8211; Endreinigung &#8211; Nebenkosten &#8211; Bettw\u00e4sche, Handt\u00fccher [&hellip;]<\/p>\n","protected":false},"author":2,"featured_media":0,"parent":0,"menu_order":3,"comment_status":"closed","ping_status":"closed","template":"","meta":{"footnotes":""},"class_list":["post-21","page","type-page","status-publish","hentry"],"_links":{"self":[{"href":"https:\/\/fewo-adler.de\/index.php?rest_route=\/wp\/v2\/pages\/21","targetHints":{"allow":["GET"]}}],"collection":[{"href":"https:\/\/fewo-adler.de\/index.php?rest_route=\/wp\/v2\/pages"}],"about":[{"href":"https:\/\/fewo-adler.de\/index.php?rest_route=\/wp\/v2\/types\/page"}],"author":[{"embeddable":true,"href":"https:\/\/fewo-adler.de\/index.php?rest_route=\/wp\/v2\/users\/2"}],"replies":[{"embeddable":true,"href":"https:\/\/fewo-adler.de\/index.php?rest_route=%2Fwp%2Fv2%2Fcomments&post=21"}],"version-history":[{"count":29,"href":"https:\/\/fewo-adler.de\/index.php?rest_route=\/wp\/v2\/pages\/21\/revisions"}],"predecessor-version":[{"id":162,"href":"https:\/\/fewo-adler.de\/index.php?rest_route=\/wp\/v2\/pages\/21\/revisions\/162"}],"wp:attachment":[{"href":"https:\/\/fewo-adler.de\/index.php?rest_route=%2Fwp%2Fv2%2Fmedia&parent=21"}],"curies":[{"name":"wp","href":"https:\/\/api.w.org\/{rel}","templated":true}]}}