{"id":25,"date":"2010-08-11T21:47:54","date_gmt":"2010-08-11T21:47:54","guid":{"rendered":"http:\/\/fewo-adler.de\/?page_id=25"},"modified":"2010-08-18T11:13:22","modified_gmt":"2010-08-18T11:13:22","slug":"links","status":"publish","type":"page","link":"https:\/\/fewo-adler.de\/?page_id=25","title":{"rendered":"Links"},"content":{"rendered":"<p>Hier gibt es nach und nach immer mehr Links zu Webseiten rund um Dresden und seine Umgebung. Vielleicht k\u00f6nnen Sie hier ein paar Ideen oder Anregungen f\u00fcr Ausfl\u00fcge, Wanderungen oder andere Unternehmungen finden.<\/p>\n<p><span style=\"color: #ffcc99;\">.<\/span><\/p>\n<p><span style=\"text-decoration: underline;\">Dresden direkt:<\/span><\/p>\n<p style=\"padding-left: 30px;\"><a title=\"Landeshauptstadt Dresden\" href=\"http:\/\/www.dresden.de\" target=\"_blank\">Landeshauptstadt Dresden<\/a><\/p>\n<p style=\"padding-left: 30px;\"><a title=\"Stadtf\u00fchrer\" href=\"http:\/\/www.besuchen-sie-dresden.de\/\" target=\"_blank\">Stadtf\u00fchrer Dresden<\/a><\/p>\n<p style=\"padding-left: 30px;\"><a title=\"Umfangreiches Lexikon zu Dresden\" href=\"http:\/\/www.dresden-lexikon.de\/\" target=\"_blank\">Dresden Lexikon<\/a><\/p>\n<p style=\"padding-left: 30px;\"><a title=\"Schl\u00f6sser Dresdens\" href=\"http:\/\/www.schloesser-dresden.de\/\" target=\"_blank\">\u00dcbersicht \u00fcber die Dresdner Schl\u00f6sser<\/a><\/p>\n<p style=\"padding-left: 30px;\"><a title=\"Semperoper\" href=\"http:\/\/www.semperoper.de\/\" target=\"_blank\">Semperoper Dresden <\/a><\/p>\n<p style=\"padding-left: 30px;\"><a title=\"Operette\" href=\"http:\/\/www.staatsoperette-dresden.de\/\" target=\"_blank\">Staatsoperette Dresden<\/a><\/p>\n<p style=\"padding-left: 30px;\"><a title=\"Schauspielhaus\" href=\"http:\/\/www.staatsschauspiel-dresden.de\/\" target=\"_blank\">Staatsschauspiel Dresden<\/a><\/p>\n<p style=\"padding-left: 30px;\"><a title=\"1001 M\u00e4rchen\" href=\"http:\/\/1001maerchen.de\/\" target=\"_blank\">M\u00e4rchen &amp; Geschichten in der Kuppel der Yenidze<\/a><\/p>\n<p style=\"padding-left: 30px;\"><a title=\"Theaterkahn Dresden\" href=\"http:\/\/theaterkahn-dresden.de\" target=\"_blank\">Theaterkahn<\/a><\/p>\n<p style=\"padding-left: 30px;\"><a title=\"TJG Dresden\" href=\"http:\/\/www.tjg-dresden.de\/\">Theater Junge Generation<\/a><\/p>\n<p style=\"padding-left: 30px;\"><a title=\"Mussen in Dresden\" href=\"http:\/\/www.skd.museum\/\" target=\"_blank\">\u00dcbersicht der Dresdner Museen<\/a><\/p>\n<p style=\"padding-left: 30px;\"><a title=\"Deutsches Hygiene Museum\" href=\"http:\/\/www.dhmd.de\" target=\"_blank\">Deutsches Hygiene Museum<\/a><\/p>\n<p style=\"padding-left: 30px;\"><a title=\"Zoo Dresden\" href=\"http:\/\/www.zoo-dresden.de\/\" target=\"_blank\">Zoo Dresden<\/a><\/p>\n<p style=\"padding-left: 30px;\"><a title=\"Dresdner Messe\" href=\"http:\/\/www.messe-dresden.de\/\" target=\"_blank\">Messe Dresden<\/a><\/p>\n<p style=\"padding-left: 30px;\"><a title=\"S\u00e4chsische Dampfschiffahrt\" href=\"http:\/\/www.saechsische-dampfschiffahrt.de\/\" target=\"_blank\">S\u00e4chsische Dampfschiffahrt<\/a><\/p>\n<p style=\"padding-left: 30px;\"><a title=\"Frauenkirche\" href=\"http:\/\/www.frauenkirche-dresden.de\/\" target=\"_blank\">Frauenkirche Dresden<\/a><\/p>\n<p style=\"padding-left: 30px;\"><a title=\"Dixieland Festival\" href=\"http:\/\/www.dixieland.de\/\">Internationales Dixieland Festival Dresden<\/a><\/p>\n<p><span style=\"color: #ffcc99;\">.<\/span><\/p>\n<p><span style=\"text-decoration: underline;\">Dresdner Umland:<\/span><\/p>\n<p style=\"padding-left: 30px;\"><a title=\"Reisef\u00fchrer Sachsen\" href=\"http:\/\/www.dresden-und-sachsen.de\/\" target=\"_blank\">Stadt- und Reisef\u00fchrer f\u00fcr Dresden und Sachsen<\/a><\/p>\n<p style=\"padding-left: 30px;\"><a title=\"Schloss Moritzburg\" href=\"http:\/\/www.schloss-moritzburg.de\/\" target=\"_blank\">Schloss Moritzburg<\/a><\/p>\n<p style=\"padding-left: 30px;\"><a title=\"Festung Koenigstein\" href=\"http:\/\/www.festung-koenigstein.de\/museum\/de\/\" target=\"_blank\">Festung K\u00f6nigstein<\/a><\/p>\n<p style=\"padding-left: 30px;\"><a title=\"Burg Stolpen\" href=\"http:\/\/www.burg-stolpen.de\/\" target=\"_blank\">Burg Stolpen<\/a><\/p>\n<p style=\"padding-left: 30px;\"><a title=\"Rammenau\" href=\"http:\/\/www.barockschloss-rammenau.com\/\" target=\"_blank\">Barockschloss Rammenau<\/a><\/p>\n<p style=\"padding-left: 30px;\"><a title=\"Barockgarten\" href=\"http:\/\/www.barockgarten-grosssedlitz.de\/\" target=\"_blank\">Barockgarten Grosssedlitz<\/a><\/p>\n<p style=\"padding-left: 30px;\"><a title=\"Schl\u00f6sser Sachsens\" href=\"http:\/\/www.schloesserland-sachsen.de\/\" target=\"_blank\">Schl\u00f6sserland Sachsen<\/a><\/p>\n<p style=\"padding-left: 30px;\"><a title=\"Saurierpark Kleinwelka\" href=\"http:\/\/saurierpark.de\/\" target=\"_blank\">Saurierpark Kleinwelka<\/a><\/p>\n<p style=\"padding-left: 30px;\"><a title=\"Nationalpark S\u00e4chsische Schweiz\" href=\"http:\/\/www.saechsische-schweiz.de\/\" target=\"_blank\">S\u00e4chsische Schweiz<\/a><\/p>\n<p style=\"padding-left: 30px;\"><a title=\"Wandertipps\" href=\"http:\/\/www.wandern-saechsische-schweiz.de\/\" target=\"_blank\">Wandern in der S\u00e4chsischen Schweiz<\/a><\/p>\n","protected":false},"excerpt":{"rendered":"<p>Hier gibt es nach und nach immer mehr Links zu Webseiten rund um Dresden und seine Umgebung. Vielleicht k\u00f6nnen Sie hier ein paar Ideen oder Anregungen f\u00fcr Ausfl\u00fcge, Wanderungen oder andere Unternehmungen finden. . Dresden direkt: Landeshauptstadt Dresden Stadtf\u00fchrer Dresden Dresden Lexikon \u00dcbersicht \u00fcber die Dresdner Schl\u00f6sser Semperoper Dresden Staatsoperette Dresden Staatsschauspiel Dresden M\u00e4rchen &amp; [&hellip;]<\/p>\n","protected":false},"author":2,"featured_media":0,"parent":0,"menu_order":5,"comment_status":"closed","ping_status":"closed","template":"","meta":{"footnotes":""},"class_list":["post-25","page","type-page","status-publish","hentry"],"_links":{"self":[{"href":"https:\/\/fewo-adler.de\/index.php?rest_route=\/wp\/v2\/pages\/25","targetHints":{"allow":["GET"]}}],"collection":[{"href":"https:\/\/fewo-adler.de\/index.php?rest_route=\/wp\/v2\/pages"}],"about":[{"href":"https:\/\/fewo-adler.de\/index.php?rest_route=\/wp\/v2\/types\/page"}],"author":[{"embeddable":true,"href":"https:\/\/fewo-adler.de\/index.php?rest_route=\/wp\/v2\/users\/2"}],"replies":[{"embeddable":true,"href":"https:\/\/fewo-adler.de\/index.php?rest_route=%2Fwp%2Fv2%2Fcomments&post=25"}],"version-history":[{"count":8,"href":"https:\/\/fewo-adler.de\/index.php?rest_route=\/wp\/v2\/pages\/25\/revisions"}],"predecessor-version":[{"id":122,"href":"https:\/\/fewo-adler.de\/index.php?rest_route=\/wp\/v2\/pages\/25\/revisions\/122"}],"wp:attachment":[{"href":"https:\/\/fewo-adler.de\/index.php?rest_route=%2Fwp%2Fv2%2Fmedia&parent=25"}],"curies":[{"name":"wp","href":"https:\/\/api.w.org\/{rel}","templated":true}]}}