{"id":29,"date":"2010-08-11T22:07:09","date_gmt":"2010-08-11T22:07:09","guid":{"rendered":"http:\/\/fewo-adler.de\/?page_id=29"},"modified":"2010-08-12T08:05:15","modified_gmt":"2010-08-12T08:05:15","slug":"wohnzimmer","status":"publish","type":"page","link":"https:\/\/fewo-adler.de\/?page_id=29","title":{"rendered":"Wohnzimmer"},"content":{"rendered":"<p>Das helle, ger\u00e4umige Wohnzimmer ist mit einem LCD-TV, einer Stereoanlage, einer gem\u00fctlichen Sitzecke und einem Kamin ausgestattet.<\/p>\n<p>Von hier aus geht es auf den <a title=\"Link zum Balkon\" href=\"https:\/\/fewo-adler.de\/?page_id=41\" target=\"_self\">Balkon <\/a>mit Blick ins Gr\u00fcne. Hier noch ein paar Impressionen dazu:<\/p>\n\n\t\t<style type=\"text\/css\">\n\t\t\t#gallery-1 {\n\t\t\t\tmargin: auto;\n\t\t\t}\n\t\t\t#gallery-1 .gallery-item {\n\t\t\t\tfloat: left;\n\t\t\t\tmargin-top: 10px;\n\t\t\t\ttext-align: center;\n\t\t\t\twidth: 25%;\n\t\t\t}\n\t\t\t#gallery-1 img {\n\t\t\t\tborder: 2px solid #cfcfcf;\n\t\t\t}\n\t\t\t#gallery-1 .gallery-caption {\n\t\t\t\tmargin-left: 0;\n\t\t\t}\n\t\t\t\/* see gallery_shortcode() in wp-includes\/media.php *\/\n\t\t<\/style>\n\t\t<div id='gallery-1' class='gallery galleryid-29 gallery-columns-4 gallery-size-thumbnail'><dl class='gallery-item'>\n\t\t\t<dt class='gallery-icon landscape'>\n\t\t\t\t<a href='https:\/\/fewo-adler.de\/wp-content\/uploads\/Wohnzimmer_1.jpg' rel=\"lightbox[29]\"><img loading=\"lazy\" decoding=\"async\" width=\"150\" height=\"150\" src=\"https:\/\/fewo-adler.de\/wp-content\/uploads\/Wohnzimmer_1-150x150.jpg\" class=\"attachment-thumbnail size-thumbnail\" alt=\"Blick zum Balkon\" aria-describedby=\"gallery-1-81\" \/><\/a>\n\t\t\t<\/dt>\n\t\t\t\t<dd class='wp-caption-text gallery-caption' id='gallery-1-81'>\n\t\t\t\tBlick zum Balkon\n\t\t\t\t<\/dd><\/dl><dl class='gallery-item'>\n\t\t\t<dt class='gallery-icon landscape'>\n\t\t\t\t<a href='https:\/\/fewo-adler.de\/wp-content\/uploads\/Wohnzimmer_2.jpg' rel=\"lightbox[29]\"><img loading=\"lazy\" decoding=\"async\" width=\"150\" height=\"150\" src=\"https:\/\/fewo-adler.de\/wp-content\/uploads\/Wohnzimmer_2-150x150.jpg\" class=\"attachment-thumbnail size-thumbnail\" alt=\"Wohnzimmer\" aria-describedby=\"gallery-1-82\" \/><\/a>\n\t\t\t<\/dt>\n\t\t\t\t<dd class='wp-caption-text gallery-caption' id='gallery-1-82'>\n\t\t\t\tWohnzimmer\n\t\t\t\t<\/dd><\/dl><dl class='gallery-item'>\n\t\t\t<dt class='gallery-icon landscape'>\n\t\t\t\t<a href='https:\/\/fewo-adler.de\/wp-content\/uploads\/Wohnzimmer_3.jpg' rel=\"lightbox[29]\"><img loading=\"lazy\" decoding=\"async\" width=\"150\" height=\"150\" src=\"https:\/\/fewo-adler.de\/wp-content\/uploads\/Wohnzimmer_3-150x150.jpg\" class=\"attachment-thumbnail size-thumbnail\" alt=\"Kaminecke\" aria-describedby=\"gallery-1-83\" \/><\/a>\n\t\t\t<\/dt>\n\t\t\t\t<dd class='wp-caption-text gallery-caption' id='gallery-1-83'>\n\t\t\t\tKaminecke\n\t\t\t\t<\/dd><\/dl><dl class='gallery-item'>\n\t\t\t<dt class='gallery-icon landscape'>\n\t\t\t\t<a href='https:\/\/fewo-adler.de\/wp-content\/uploads\/Wohnzimmer_4.jpg' rel=\"lightbox[29]\"><img loading=\"lazy\" decoding=\"async\" width=\"150\" height=\"150\" src=\"https:\/\/fewo-adler.de\/wp-content\/uploads\/Wohnzimmer_4-150x150.jpg\" class=\"attachment-thumbnail size-thumbnail\" alt=\"Sitzecke\" aria-describedby=\"gallery-1-84\" \/><\/a>\n\t\t\t<\/dt>\n\t\t\t\t<dd class='wp-caption-text gallery-caption' id='gallery-1-84'>\n\t\t\t\tSitzecke\n\t\t\t\t<\/dd><\/dl><br style=\"clear: both\" \/>\n\t\t<\/div>\n\n","protected":false},"excerpt":{"rendered":"<p>Das helle, ger\u00e4umige Wohnzimmer ist mit einem LCD-TV, einer Stereoanlage, einer gem\u00fctlichen Sitzecke und einem Kamin ausgestattet. Von hier aus geht es auf den Balkon mit Blick ins Gr\u00fcne. Hier noch ein paar Impressionen dazu:<\/p>\n","protected":false},"author":2,"featured_media":0,"parent":18,"menu_order":0,"comment_status":"closed","ping_status":"closed","template":"","meta":{"footnotes":""},"class_list":["post-29","page","type-page","status-publish","hentry"],"_links":{"self":[{"href":"https:\/\/fewo-adler.de\/index.php?rest_route=\/wp\/v2\/pages\/29","targetHints":{"allow":["GET"]}}],"collection":[{"href":"https:\/\/fewo-adler.de\/index.php?rest_route=\/wp\/v2\/pages"}],"about":[{"href":"https:\/\/fewo-adler.de\/index.php?rest_route=\/wp\/v2\/types\/page"}],"author":[{"embeddable":true,"href":"https:\/\/fewo-adler.de\/index.php?rest_route=\/wp\/v2\/users\/2"}],"replies":[{"embeddable":true,"href":"https:\/\/fewo-adler.de\/index.php?rest_route=%2Fwp%2Fv2%2Fcomments&post=29"}],"version-history":[{"count":15,"href":"https:\/\/fewo-adler.de\/index.php?rest_route=\/wp\/v2\/pages\/29\/revisions"}],"predecessor-version":[{"id":67,"href":"https:\/\/fewo-adler.de\/index.php?rest_route=\/wp\/v2\/pages\/29\/revisions\/67"}],"up":[{"embeddable":true,"href":"https:\/\/fewo-adler.de\/index.php?rest_route=\/wp\/v2\/pages\/18"}],"wp:attachment":[{"href":"https:\/\/fewo-adler.de\/index.php?rest_route=%2Fwp%2Fv2%2Fmedia&parent=29"}],"curies":[{"name":"wp","href":"https:\/\/api.w.org\/{rel}","templated":true}]}}