{"id":35,"date":"2010-08-11T22:09:06","date_gmt":"2010-08-11T22:09:06","guid":{"rendered":"http:\/\/fewo-adler.de\/?page_id=35"},"modified":"2010-08-11T23:43:46","modified_gmt":"2010-08-11T23:43:46","slug":"kuche","status":"publish","type":"page","link":"https:\/\/fewo-adler.de\/?page_id=35","title":{"rendered":"K\u00fcche"},"content":{"rendered":"<p>Die K\u00fcche ist komfortabel mit Sp\u00fclmaschine, K\u00fchl- und Gefrierschrank, 4-Platten-Herd mit Backofen, Wasserkocher, Toaster und Kaffeevollautomat ausgestattet. Hier kann man getrost seiner Kreativit\u00e4t am Herd und Backofen ihren Lauf lassen oder auch einfach nur in der kleinen, gem\u00fctlichen Essecke fr\u00fchst\u00fccken.<\/p>\n<p>Und damit Sie wissen wovon wir hier schreiben:<\/p>\n\n\t\t<style type=\"text\/css\">\n\t\t\t#gallery-1 {\n\t\t\t\tmargin: auto;\n\t\t\t}\n\t\t\t#gallery-1 .gallery-item {\n\t\t\t\tfloat: left;\n\t\t\t\tmargin-top: 10px;\n\t\t\t\ttext-align: center;\n\t\t\t\twidth: 33%;\n\t\t\t}\n\t\t\t#gallery-1 img {\n\t\t\t\tborder: 2px solid #cfcfcf;\n\t\t\t}\n\t\t\t#gallery-1 .gallery-caption {\n\t\t\t\tmargin-left: 0;\n\t\t\t}\n\t\t\t\/* see gallery_shortcode() in wp-includes\/media.php *\/\n\t\t<\/style>\n\t\t<div id='gallery-1' class='gallery galleryid-35 gallery-columns-3 gallery-size-thumbnail'><dl class='gallery-item'>\n\t\t\t<dt class='gallery-icon landscape'>\n\t\t\t\t<a href='https:\/\/fewo-adler.de\/wp-content\/uploads\/Kueche_1.jpg' rel=\"lightbox[35]\"><img loading=\"lazy\" decoding=\"async\" width=\"150\" height=\"150\" src=\"https:\/\/fewo-adler.de\/wp-content\/uploads\/Kueche_1-150x150.jpg\" class=\"attachment-thumbnail size-thumbnail\" alt=\"Blick zur kleinen Essecke\" aria-describedby=\"gallery-1-52\" \/><\/a>\n\t\t\t<\/dt>\n\t\t\t\t<dd class='wp-caption-text gallery-caption' id='gallery-1-52'>\n\t\t\t\tBlick zur kleinen Essecke\n\t\t\t\t<\/dd><\/dl><dl class='gallery-item'>\n\t\t\t<dt class='gallery-icon landscape'>\n\t\t\t\t<a href='https:\/\/fewo-adler.de\/wp-content\/uploads\/Kueche_2.jpg' rel=\"lightbox[35]\"><img loading=\"lazy\" decoding=\"async\" width=\"150\" height=\"150\" src=\"https:\/\/fewo-adler.de\/wp-content\/uploads\/Kueche_2-150x150.jpg\" class=\"attachment-thumbnail size-thumbnail\" alt=\"Der Arbeitsbereich\" aria-describedby=\"gallery-1-53\" \/><\/a>\n\t\t\t<\/dt>\n\t\t\t\t<dd class='wp-caption-text gallery-caption' id='gallery-1-53'>\n\t\t\t\tDer Arbeitsbereich\n\t\t\t\t<\/dd><\/dl><dl class='gallery-item'>\n\t\t\t<dt class='gallery-icon landscape'>\n\t\t\t\t<a href='https:\/\/fewo-adler.de\/wp-content\/uploads\/Kueche_3.jpg' rel=\"lightbox[35]\"><img loading=\"lazy\" decoding=\"async\" width=\"150\" height=\"150\" src=\"https:\/\/fewo-adler.de\/wp-content\/uploads\/Kueche_3-150x150.jpg\" class=\"attachment-thumbnail size-thumbnail\" alt=\"Arbeitsfl\u00e4che\" aria-describedby=\"gallery-1-54\" \/><\/a>\n\t\t\t<\/dt>\n\t\t\t\t<dd class='wp-caption-text gallery-caption' id='gallery-1-54'>\n\t\t\t\tArbeitsfl\u00e4che\n\t\t\t\t<\/dd><\/dl><br style=\"clear: both\" \/>\n\t\t<\/div>\n\n","protected":false},"excerpt":{"rendered":"<p>Die K\u00fcche ist komfortabel mit Sp\u00fclmaschine, K\u00fchl- und Gefrierschrank, 4-Platten-Herd mit Backofen, Wasserkocher, Toaster und Kaffeevollautomat ausgestattet. Hier kann man getrost seiner Kreativit\u00e4t am Herd und Backofen ihren Lauf lassen oder auch einfach nur in der kleinen, gem\u00fctlichen Essecke fr\u00fchst\u00fccken. Und damit Sie wissen wovon wir hier schreiben:<\/p>\n","protected":false},"author":2,"featured_media":0,"parent":18,"menu_order":3,"comment_status":"closed","ping_status":"closed","template":"","meta":{"footnotes":""},"class_list":["post-35","page","type-page","status-publish","hentry"],"_links":{"self":[{"href":"https:\/\/fewo-adler.de\/index.php?rest_route=\/wp\/v2\/pages\/35","targetHints":{"allow":["GET"]}}],"collection":[{"href":"https:\/\/fewo-adler.de\/index.php?rest_route=\/wp\/v2\/pages"}],"about":[{"href":"https:\/\/fewo-adler.de\/index.php?rest_route=\/wp\/v2\/types\/page"}],"author":[{"embeddable":true,"href":"https:\/\/fewo-adler.de\/index.php?rest_route=\/wp\/v2\/users\/2"}],"replies":[{"embeddable":true,"href":"https:\/\/fewo-adler.de\/index.php?rest_route=%2Fwp%2Fv2%2Fcomments&post=35"}],"version-history":[{"count":3,"href":"https:\/\/fewo-adler.de\/index.php?rest_route=\/wp\/v2\/pages\/35\/revisions"}],"predecessor-version":[{"id":89,"href":"https:\/\/fewo-adler.de\/index.php?rest_route=\/wp\/v2\/pages\/35\/revisions\/89"}],"up":[{"embeddable":true,"href":"https:\/\/fewo-adler.de\/index.php?rest_route=\/wp\/v2\/pages\/18"}],"wp:attachment":[{"href":"https:\/\/fewo-adler.de\/index.php?rest_route=%2Fwp%2Fv2%2Fmedia&parent=35"}],"curies":[{"name":"wp","href":"https:\/\/api.w.org\/{rel}","templated":true}]}}