{"id":41,"date":"2010-08-11T22:18:06","date_gmt":"2010-08-11T22:18:06","guid":{"rendered":"http:\/\/fewo-adler.de\/?page_id=41"},"modified":"2010-08-11T23:53:30","modified_gmt":"2010-08-11T23:53:30","slug":"balkon","status":"publish","type":"page","link":"https:\/\/fewo-adler.de\/?page_id=41","title":{"rendered":"Balkon"},"content":{"rendered":"<p>Der Balkon l\u00e4dt bei sch\u00f6nen Wetter zum drau\u00dfen sitzen ein. Es ist eine kleine Sitzgruppe f\u00fcr zwei Personen vorhanden.<\/p>\n<p>Sie sitzen in sch\u00f6ner gr\u00fcner Umgebung und im Fr\u00fchjahr wenn die Magnolie bl\u00fcht, sitzen Sie mitten in deren Bl\u00fctenpracht.<\/p>\n<p style=\"text-align: center;\">\n<div id=\"attachment_48\" style=\"width: 208px\" class=\"wp-caption aligncenter\"><a href=\"https:\/\/fewo-adler.de\/wp-content\/uploads\/Balkon_1.jpg\" rel=\"lightbox[41]\" title=\"Der Balkon\"><img loading=\"lazy\" decoding=\"async\" aria-describedby=\"caption-attachment-48\" class=\"size-medium wp-image-48 \" title=\"Der Balkon\" src=\"https:\/\/fewo-adler.de\/wp-content\/uploads\/Balkon_1-198x300.jpg\" alt=\"Der Balkon\" width=\"198\" height=\"300\" srcset=\"https:\/\/fewo-adler.de\/wp-content\/uploads\/Balkon_1-198x300.jpg 198w, https:\/\/fewo-adler.de\/wp-content\/uploads\/Balkon_1.jpg 396w\" sizes=\"auto, (max-width: 198px) 100vw, 198px\" \/><\/a><p id=\"caption-attachment-48\" class=\"wp-caption-text\">Der Balkon<\/p><\/div>\n","protected":false},"excerpt":{"rendered":"<p>Der Balkon l\u00e4dt bei sch\u00f6nen Wetter zum drau\u00dfen sitzen ein. Es ist eine kleine Sitzgruppe f\u00fcr zwei Personen vorhanden. Sie sitzen in sch\u00f6ner gr\u00fcner Umgebung und im Fr\u00fchjahr wenn die Magnolie bl\u00fcht, sitzen Sie mitten in deren Bl\u00fctenpracht.<\/p>\n","protected":false},"author":2,"featured_media":0,"parent":18,"menu_order":5,"comment_status":"closed","ping_status":"closed","template":"","meta":{"footnotes":""},"class_list":["post-41","page","type-page","status-publish","hentry"],"_links":{"self":[{"href":"https:\/\/fewo-adler.de\/index.php?rest_route=\/wp\/v2\/pages\/41","targetHints":{"allow":["GET"]}}],"collection":[{"href":"https:\/\/fewo-adler.de\/index.php?rest_route=\/wp\/v2\/pages"}],"about":[{"href":"https:\/\/fewo-adler.de\/index.php?rest_route=\/wp\/v2\/types\/page"}],"author":[{"embeddable":true,"href":"https:\/\/fewo-adler.de\/index.php?rest_route=\/wp\/v2\/users\/2"}],"replies":[{"embeddable":true,"href":"https:\/\/fewo-adler.de\/index.php?rest_route=%2Fwp%2Fv2%2Fcomments&post=41"}],"version-history":[{"count":3,"href":"https:\/\/fewo-adler.de\/index.php?rest_route=\/wp\/v2\/pages\/41\/revisions"}],"predecessor-version":[{"id":94,"href":"https:\/\/fewo-adler.de\/index.php?rest_route=\/wp\/v2\/pages\/41\/revisions\/94"}],"up":[{"embeddable":true,"href":"https:\/\/fewo-adler.de\/index.php?rest_route=\/wp\/v2\/pages\/18"}],"wp:attachment":[{"href":"https:\/\/fewo-adler.de\/index.php?rest_route=%2Fwp%2Fv2%2Fmedia&parent=41"}],"curies":[{"name":"wp","href":"https:\/\/api.w.org\/{rel}","templated":true}]}}